{"id":1123,"date":"2020-06-22T20:07:21","date_gmt":"2020-06-22T23:07:21","guid":{"rendered":"https:\/\/isfd2-bue.infd.edu.ar\/sitio\/?page_id=1123"},"modified":"2026-02-06T14:43:39","modified_gmt":"2026-02-06T17:43:39","slug":"mesas-de-examenes","status":"publish","type":"page","link":"https:\/\/isfd2-bue.infd.edu.ar\/sitio\/mesas-de-examenes\/","title":{"rendered":"Turnos de acreditaci\u00f3n 2026"},"content":{"rendered":"\n<p><\/p>\n\n\n\n<figure class=\"wp-block-table is-style-stripes\"><table><tbody><tr><td><\/td><td><strong>Profesorado de Eduaci\u00f3n Inicial<\/strong><\/td><td><strong>Profedorado de Geograf\u00eda<\/strong><\/td><\/tr><tr><td>1er turno<\/td><td>Fecha de inscripci\u00f3n&#x1f449; 04 al 11\/02<br>Inscribite &#x270f;&#xfe0f;en el <a href=\"https:\/\/forms.gle\/r6wsWzjjoWh1kUi88\">Formulario<\/a><br>&#x1f5d3;&#xfe0f; Fechas de mesas<\/td><td>Fecha de inscripci\u00f3n&#x1f449; 04 al 11\/02<br>Inscribite &#x270f;&#xfe0f;en el <a href=\"https:\/\/forms.gle\/K3stBt8W5J7U6yqh9\">Formulario<\/a><br>&#x1f5d3;&#xfe0f; Fechas de mesas<\/td><\/tr><tr><td>2do turno<\/td><td>Fecha de inscripci\u00f3n&#x1f449; 06 al 10\/07<br>Inscribite &#x270f;&#xfe0f;en el <a href=\"https:\/\/forms.gle\/QUjMDy6QKRn4RX4G8\">Formulario<\/a><br>&#x1f5d3;&#xfe0f; Fechas de mesas 03 al 14\/08<\/td><td>Fecha de inscripci\u00f3n&#x1f449; 06 al 10\/07<br>Inscribite &#x270f;&#xfe0f;en el <a href=\"https:\/\/forms.gle\/Zkf6CUwiMpScsHtK8\">Formulario<\/a><br>&#x1f5d3;&#xfe0f; Fechas de mesas 03 al 14\/08<\/td><\/tr><tr><td>3er turno<\/td><td>Fecha de inscripci\u00f3n&#x1f449; 23 al 27\/11<br>Inscribite &#x270f;&#xfe0f;en el <a href=\"https:\/\/forms.gle\/ZckTh88NHV3v8fJT7\">Formulario<\/a><br>&#x1f5d3;&#xfe0f; Fechas de mesas 09 al 30\/12 <\/td><td>Fecha de inscripci\u00f3n&#x1f449; 23 al 27\/11<br>Inscribite &#x270f;&#xfe0f;en el <a href=\"https:\/\/forms.gle\/amsapSYki1vQ8Fzv6\">Formulario<\/a><br>&#x1f5d3;&#xfe0f; Fechas de mesas 09 al 30\/12<\/td><\/tr><\/tbody><\/table><figcaption class=\"wp-element-caption\"><strong>Cronograma de mesas<\/strong><\/figcaption><\/figure>\n\n\n\n<div class=\"wp-block-file\"><object class=\"wp-block-file__embed\" data=\"https:\/\/isfd2-bue.infd.edu.ar\/sitio\/wp-content\/uploads\/2026\/02\/I-2026-1er-llamado-1.pdf\" type=\"application\/pdf\" style=\"width:100%;height:600px\" aria-label=\"Incrustado de I-2026-1er-llamado-1.\"><\/object><a id=\"wp-block-file--media-6ee4626c-d738-4484-83bf-a7fe435b7528\" href=\"https:\/\/isfd2-bue.infd.edu.ar\/sitio\/wp-content\/uploads\/2026\/02\/I-2026-1er-llamado-1.pdf\">I-2026-1er-llamado-1<\/a><a href=\"https:\/\/isfd2-bue.infd.edu.ar\/sitio\/wp-content\/uploads\/2026\/02\/I-2026-1er-llamado-1.pdf\" class=\"wp-block-file__button wp-element-button\" download aria-describedby=\"wp-block-file--media-6ee4626c-d738-4484-83bf-a7fe435b7528\">Descarga<\/a><\/div>\n\n\n\n<div class=\"wp-block-file\"><object class=\"wp-block-file__embed\" data=\"https:\/\/isfd2-bue.infd.edu.ar\/sitio\/wp-content\/uploads\/2026\/02\/G-2026-1er-llamado-1-1.pdf\" type=\"application\/pdf\" style=\"width:100%;height:600px\" aria-label=\"Incrustado de G-2026-1er-llamado-1-1.\"><\/object><a id=\"wp-block-file--media-173d5485-16f9-478c-aec0-382a6f935d68\" href=\"https:\/\/isfd2-bue.infd.edu.ar\/sitio\/wp-content\/uploads\/2026\/02\/G-2026-1er-llamado-1-1.pdf\">G-2026-1er-llamado-1-1<\/a><a href=\"https:\/\/isfd2-bue.infd.edu.ar\/sitio\/wp-content\/uploads\/2026\/02\/G-2026-1er-llamado-1-1.pdf\" class=\"wp-block-file__button wp-element-button\" download aria-describedby=\"wp-block-file--media-173d5485-16f9-478c-aec0-382a6f935d68\">Descarga<\/a><\/div>\n\n\n\n<p><\/p>\n","protected":false},"excerpt":{"rendered":"<p>Profesorado de Eduaci\u00f3n Inicial Profedorado de Geograf\u00eda 1er turno Fecha de inscripci\u00f3n&#x1f449; 04 al 11\/02Inscribite &#x270f;&#xfe0f;en el Formulario&#x1f5d3;&#xfe0f; Fechas de mesas Fecha de inscripci\u00f3n&#x1f449; 04 al 11\/02Inscribite &#x270f;&#xfe0f;en el Formulario&#x1f5d3;&#xfe0f; Fechas de mesas 2do turno Fecha de inscripci\u00f3n&#x1f449; 06 al 10\/07Inscribite &#x270f;&#xfe0f;en el Formulario&#x1f5d3;&#xfe0f; Fechas de mesas 03 al 14\/08 Fecha de inscripci\u00f3n&#x1f449; 06 al &#8230; <a title=\"Turnos de acreditaci\u00f3n 2026\" class=\"read-more\" href=\"https:\/\/isfd2-bue.infd.edu.ar\/sitio\/mesas-de-examenes\/\" aria-label=\"More on Turnos de acreditaci\u00f3n 2026\">[+]<\/a><\/p>\n","protected":false},"author":37,"featured_media":0,"parent":0,"menu_order":0,"comment_status":"closed","ping_status":"closed","template":"","meta":[],"acf":[],"_links":{"self":[{"href":"https:\/\/isfd2-bue.infd.edu.ar\/sitio\/wp-json\/wp\/v2\/pages\/1123"}],"collection":[{"href":"https:\/\/isfd2-bue.infd.edu.ar\/sitio\/wp-json\/wp\/v2\/pages"}],"about":[{"href":"https:\/\/isfd2-bue.infd.edu.ar\/sitio\/wp-json\/wp\/v2\/types\/page"}],"author":[{"embeddable":true,"href":"https:\/\/isfd2-bue.infd.edu.ar\/sitio\/wp-json\/wp\/v2\/users\/37"}],"replies":[{"embeddable":true,"href":"https:\/\/isfd2-bue.infd.edu.ar\/sitio\/wp-json\/wp\/v2\/comments?post=1123"}],"version-history":[{"count":190,"href":"https:\/\/isfd2-bue.infd.edu.ar\/sitio\/wp-json\/wp\/v2\/pages\/1123\/revisions"}],"predecessor-version":[{"id":2404,"href":"https:\/\/isfd2-bue.infd.edu.ar\/sitio\/wp-json\/wp\/v2\/pages\/1123\/revisions\/2404"}],"wp:attachment":[{"href":"https:\/\/isfd2-bue.infd.edu.ar\/sitio\/wp-json\/wp\/v2\/media?parent=1123"}],"curies":[{"name":"wp","href":"https:\/\/api.w.org\/{rel}","templated":true}]}}