{"id":1762,"date":"2022-10-23T18:30:52","date_gmt":"2022-10-23T21:30:52","guid":{"rendered":"https:\/\/isfd2-bue.infd.edu.ar\/sitio\/?page_id=1762"},"modified":"2026-02-04T21:42:25","modified_gmt":"2026-02-05T00:42:25","slug":"ingreso-2023-isfd-96","status":"publish","type":"page","link":"https:\/\/isfd2-bue.infd.edu.ar\/sitio\/ingreso-2023-isfd-96\/","title":{"rendered":"Procedimiento para el Ingreso 2026 al I.S.F.D. 96"},"content":{"rendered":"<p><strong>Los\/as aspirantes a las distintas carreras del ISFD N\u00ba 96 realizar\u00e1n su ingreso en\u00a0<\/strong><strong>3 etapas<\/strong><strong>:<\/strong><\/p>\n<ol>\n<li>\n<h5><span style=\"color: #0000ff;\"><strong>Pre-Inscripci\u00f3n<\/strong><\/span><strong style=\"font-size: inherit;\"><span style=\"color: #0000ff;\">:<\/span> a partir del 1 de noviembre de 2025<\/strong><\/h5>\n<\/li>\n<li>\n<h5><span style=\"color: #0000ff;\"><strong>Inscripci\u00f3n &#8211; Presentaci\u00f3n del legajo en formato papel: <\/strong><\/span><strong style=\"font-size: inherit;\">a partir del 1 de diciembre de 2025<\/strong><\/h5>\n<\/li>\n<li>\n<h5><span style=\"color: #0000ff;\"><strong>Taller de filiaci\u00f3n institucional<\/strong><\/span><strong style=\"font-size: inherit;\"><span style=\"color: #0000ff;\">:<\/span> en marzo con fecha a confirmar\u00a0<\/strong><\/h5>\n<\/li>\n<\/ol>\n<p>Encontrar\u00e1 diferentes tutoriales en los carteles verdes que lo ayudar\u00e1n a realizar los procedimientos.<\/p>\n<h4><span style=\"color: #ff6600;\"><strong>Etapa 1<\/strong><\/span><span style=\"color: #ff6600;\"><strong>: <\/strong><\/span><strong>Pre-Inscripci\u00f3n on line (A partir del 1 de noviembre de 2025).<\/strong><\/h4>\n<ul>\n<li>Antes de iniciar las etapas deber\u00e1 contar\u00a0<strong>OBLIGATORIAMENTE <\/strong>con una cuenta de correo electr\u00f3nico de\u00a0<strong>Gmail\u00a0<\/strong>para la gesti\u00f3n del legajo virtual; es importante que el\/la usuario\/a sea adecuado para una comunicaci\u00f3n en una instituci\u00f3n educativa y de formaci\u00f3n profesional y docente.<\/li>\n<li>Completar el\u00a0<strong>Formulario Institucional online por carrera<\/strong>, enviar y continuar con la Segunda Etapa.<\/li>\n<\/ul>\n<h5><strong>Ingresar al Formulario Institucional online:\u00a0<\/strong><\/h5>\n<ul>\n<li>\n<h4><strong><a href=\"https:\/\/forms.gle\/cvh6M5uTjaWHrL1E8\">Ingresar al formulario de preinscripci\u00f3n<\/a>\u00a0 <span style=\"color: #ff00ff;\">El formulario se encuentra cerrado, consultar vacante directamente en el instituto (Paso 2)<\/span><\/strong><\/h4>\n<\/li>\n<\/ul>\n<p><strong>El env\u00edo de este formulario institucional, NO SIGNIFICA que est\u00e9 ya inscripto; s\u00f3lo tendr\u00e1 su vacante al terminar con la 2\u00b0 etapa de la inscripci\u00f3n y hacer el Taller Inicial correspondiente.<\/strong><\/p>\n<h4><span style=\"color: #ff6600;\"><strong>\u00a0<\/strong><strong>Etapa 2:\u00a0<\/strong><\/span><strong>Inscripci\u00f3n (A partir del 1 de diciembre de 2025)<\/strong><\/h4>\n<p>A partir del 02 de diciembre de 2.025 podr\u00e1 realizar la <strong>inscripci\u00f3n, <\/strong>en la sede del Instituto (Diagonal 78 e\/ 4 y 5) en el horario de 8:30 a 11:00 y de 14:00 a 17:00 hs.<\/p>\n<p>Para ello deber\u00e1 presentar en un folio:<\/p>\n<ul>\n<li><a href=\"https:\/\/drive.google.com\/file\/d\/1r1vYQwPOXRjJ8pTlj9XlQ2PXYWlqtHeE\/view?usp=sharing\"><strong>Solicitud de Inscripci\u00f3n<\/strong><\/a><strong>:\u00a0<\/strong>Bajar la solicitud, completarla, firmarla y adherirle una foto en el recuadro. Tambi\u00e9n se puede comprar en el kiosco de Pablo (enfrente).<\/li>\n<li><strong>Certificado de salud psico-f\u00edsico\u00a0<\/strong>(expedido por Organismo P\u00fablico: Hospital, Sala de salud, etc.)<\/li>\n<li><a href=\"https:\/\/isfd2-bue.infd.edu.ar\/sitio\/wp-content\/uploads\/2021\/11\/A4a-Ficha-Foniatrica.pdf\"><strong>Ficha foni\u00e1trica\u00a0<\/strong><\/a>(bajar la ficha y entregar como parte de la documentaci\u00f3n NO COMPLETAR)<\/li>\n<li><a href=\"https:\/\/drive.google.com\/file\/d\/1Zf2F-ISAYg9OaHBQjxVObjiCwGFjN2OB\/view?usp=sharing\"><strong>Aptitud fonoaudiol\u00f3gica<\/strong><\/a>: descargar y completar por profesional m\u00e9dico. No es necesario tener el estudio para inscribirse. SE PUEDE HACER DURANTE EL CICLO LECTIVO.\u00a0<\/li>\n<li><strong>Audiometr\u00eda<\/strong> (este estudio se puede hacer a lo largo del primer a\u00f1o de cursada)<\/li>\n<li><strong>DNI<\/strong>\u00a0(fotocopia de reverso y anverso)<\/li>\n<li><strong>T\u00edtulo Secundario<\/strong>,\u00a0<em>si es anterior al a\u00f1o 2010<\/em>, con\u00a0sello del Ministerio del Interior.\n<ul>\n<li>Si todav\u00eda no tiene el t\u00edtulo pedir un certificado de t\u00edtulo en tr\u00e1mite actualizado\u00a0 (vence CADA 60 d\u00edas).<\/li>\n<li>Si todav\u00eda est\u00e1 cursando el \u00faltimo a\u00f1o del secundario, pedir una Constancia de Alumno Regular en donde figura qu\u00e9 a\u00f1o est\u00e1 realizando y si se adeudan materias . Una vez finalizado el mismo se deber\u00e1 tramitar la Constancia de T\u00edtulo en Tr\u00e1mite, seg\u00fan se se\u00f1al\u00f3 en p\u00e1rrafo anterior.<\/li>\n<li>Quienes se inscriben con Constancia de Alumno regular,\u00a0<strong><em>adeudando alguna asignatura<\/em><\/strong>, \u00a0conformar\u00e1n un listado de\u00a0<strong><em>Inscripci\u00f3n Condiciona<\/em>l<\/strong> hasta agosto 2026.<\/li>\n<\/ul>\n<\/li>\n<li><strong>Pago voluntario de Cooperadora Normal 2<\/strong>: La Asociaci\u00f3n Cooperadora est\u00e1 formada por un grupo de padres, docentes y alumnos que trabajan en pos de mejorar las condiciones para que la instituci\u00f3n funcione de la mejor manera posible. Actualmente la cuota anual es de $ <strong>20000<\/strong>, y su pago es voluntario pudi\u00e9ndose abonar en 10 cuotas de 2000. Puede realizar la colaboraci\u00f3n en efectivo cuando entrega la documentaci\u00f3n o presentar comprobante de transferencia:<\/li>\n<\/ul>\n<p>\u00a0 \u00a0 \u00a0 \u00a0 \u00a0 \u00a0 \u00a0 \u00a0 \u00a0 \u00a0 \u00a0 \u00a0 \u00a0 \u00a0 \u00a0 \u00a0 \u00a0 \u00a0 \u00a0 \u00a0 \u00a0 \u00a0 \u00a0 \u00a0 \u00a0 \u00a0CBU: 0149998012000002301139\u00a0 \u00a0 \u00a0 \u00a0 \u00a0 \u00a0 \u00a0 \u00a0 \u00a0 ALIAS: CooperadoraNormal2<\/p>\n<p style=\"text-align: center;\"><strong>Siempre recuerda enviar el comprobante de la transferencia al email cooperadoranormal2@gmail.com detallando: Nivel superior Nombre y apellido y curso<\/strong>\u00a0<\/p>\n<p>\u00a0 \u00a0 \u00a0 \u00a0 \u00a0 \u00a0 \u00a0 \u00a0 \u00a0 \u00a0 \u00a0 \u00a0 \u00a0 \u00a0 \u00a0 \u00a0 \u00a0 \u00a0 \u00a0 \u00a0 \u00a0 \u00a0 \u00a0 \u00a0 \u00a0 \u00a0 \u00a0 \u00a0 \u00a0 \u00a0 \u00a0 \u00a0 \u00a0 \u00a0 \u00a0 \u00a0 \u00a0 \u00a0 \u00a0 \u00a0 \u00a0 ASOCIACI\u00d3N COOPERADORA NORMAL 2<\/p>\n<ul>\n<li><strong>Informaci\u00f3n para alumnos\/as 2026<\/strong><strong style=\"font-size: inherit;\">.\u00a0<\/strong><span style=\"font-size: inherit;\">ES UN DERECHO Y UNA OBLIGACI\u00d3N SU LECTURA.\u00a0 LA AUTORIDAD QUE EVAL\u00daE SU DOCUMENTACI\u00d3N ORIGINAL, EL D\u00cdA QUE CORRESPONDA SEG\u00daN CRONOGRAMA, LE SOLICITAR\u00c1 SU NOTIFICACI\u00d3N.<\/span><\/li>\n<\/ul>\n\n<div class=\"wp-block-image\">\n<figure class=\"aligncenter size-large\"><a href=\"https:\/\/isfd2-bue.infd.edu.ar\/sitio\/wp-content\/uploads\/2021\/03\/Estudios-en-el-extranjero-ISFD96.pdf\"><img decoding=\"async\" loading=\"lazy\" width=\"1388\" height=\"131\" src=\"https:\/\/isfd2-bue.infd.edu.ar\/sitio\/wp-content\/uploads\/2022\/11\/Titulo-extranjero-1.jpg\" alt=\"\" class=\"wp-image-1824\" srcset=\"https:\/\/isfd2-bue.infd.edu.ar\/sitio\/wp-content\/uploads\/2022\/11\/Titulo-extranjero-1.jpg 1388w, https:\/\/isfd2-bue.infd.edu.ar\/sitio\/wp-content\/uploads\/2022\/11\/Titulo-extranjero-1-1000x94.jpg 1000w, https:\/\/isfd2-bue.infd.edu.ar\/sitio\/wp-content\/uploads\/2022\/11\/Titulo-extranjero-1-768x72.jpg 768w\" sizes=\"(max-width: 1388px) 100vw, 1388px\" \/><\/a><\/figure><\/div>\n\n\n<p>        &#x1f449;Ingresa en el link   <a href=\"https:\/\/www.argentina.gob.ar\/educacion\/tramites\/convalidar-titulo-secundario-de-paises-con-convenio\">https:\/\/www.argentina.gob.ar\/educacion\/tramites\/convalidar-titulo-secundario-de-paises-con-convenio<\/a><\/p>\n\n\n<div class=\"wp-block-image\">\n<figure class=\"aligncenter size-large is-resized\"><img decoding=\"async\" loading=\"lazy\" src=\"https:\/\/isfd2-bue.infd.edu.ar\/sitio\/wp-content\/uploads\/2022\/11\/equivalencias-1.jpg\" alt=\"\" class=\"wp-image-1825\" width=\"1053\" height=\"129\" srcset=\"https:\/\/isfd2-bue.infd.edu.ar\/sitio\/wp-content\/uploads\/2022\/11\/equivalencias-1.jpg 1434w, https:\/\/isfd2-bue.infd.edu.ar\/sitio\/wp-content\/uploads\/2022\/11\/equivalencias-1-1000x123.jpg 1000w, https:\/\/isfd2-bue.infd.edu.ar\/sitio\/wp-content\/uploads\/2022\/11\/equivalencias-1-768x95.jpg 768w\" sizes=\"(max-width: 1053px) 100vw, 1053px\" \/><\/figure><\/div>\n\n<h4><span style=\"color: #ff6600;\"><strong>Etapa 3: a confirmar<\/strong><\/span><\/h4>\n<p><strong>En esta etapa se realizar\u00e1 el TALLER DE FILIACI\u00d3N INSTITUCIONAL<\/strong><strong>.<\/strong> Llevaremos adelante charlas de orientaci\u00f3n a las\/os ingresantes acerca de la din\u00e1mica institucional, Regim\u00e9n Acad\u00e9mico, Plan de Estudios, propuestas curriculares, calendario acad\u00e9mico, entre otras.<\/p>\n<p><strong>La Fecha de inicio y su organizaci\u00f3n ser\u00e1&nbsp; publicado en \u00e9sta p\u00e1gina web (NOVEDADES) as\u00ed como en las redes sociales institucionales.<\/strong><\/p>\n\n\n<figure class=\"wp-block-image size-large\"><img decoding=\"async\" loading=\"lazy\" width=\"1063\" height=\"295\" src=\"https:\/\/isfd2-bue.infd.edu.ar\/sitio\/wp-content\/uploads\/2022\/11\/Face-Instagram.jpg\" alt=\"\" class=\"wp-image-1826\" srcset=\"https:\/\/isfd2-bue.infd.edu.ar\/sitio\/wp-content\/uploads\/2022\/11\/Face-Instagram.jpg 1063w, https:\/\/isfd2-bue.infd.edu.ar\/sitio\/wp-content\/uploads\/2022\/11\/Face-Instagram-1000x278.jpg 1000w, https:\/\/isfd2-bue.infd.edu.ar\/sitio\/wp-content\/uploads\/2022\/11\/Face-Instagram-768x213.jpg 768w\" sizes=\"(max-width: 1063px) 100vw, 1063px\" \/><\/figure>\n\n\n\n<p><\/p>\n","protected":false},"excerpt":{"rendered":"<p>Los\/as aspirantes a las distintas carreras del ISFD N\u00ba 96 realizar\u00e1n su ingreso en\u00a03 etapas: Pre-Inscripci\u00f3n: a partir del 1 de noviembre de 2025 Inscripci\u00f3n &#8211; Presentaci\u00f3n del legajo en formato papel: a partir del 1 de diciembre de 2025 Taller de filiaci\u00f3n institucional: en marzo con fecha a confirmar\u00a0 Encontrar\u00e1 diferentes tutoriales en los &#8230; <a title=\"Procedimiento para el Ingreso 2026 al I.S.F.D. 96\" class=\"read-more\" href=\"https:\/\/isfd2-bue.infd.edu.ar\/sitio\/ingreso-2023-isfd-96\/\" aria-label=\"More on Procedimiento para el Ingreso 2026 al I.S.F.D. 96\">[+]<\/a><\/p>\n","protected":false},"author":37,"featured_media":0,"parent":0,"menu_order":0,"comment_status":"closed","ping_status":"closed","template":"","meta":[],"acf":[],"_links":{"self":[{"href":"https:\/\/isfd2-bue.infd.edu.ar\/sitio\/wp-json\/wp\/v2\/pages\/1762"}],"collection":[{"href":"https:\/\/isfd2-bue.infd.edu.ar\/sitio\/wp-json\/wp\/v2\/pages"}],"about":[{"href":"https:\/\/isfd2-bue.infd.edu.ar\/sitio\/wp-json\/wp\/v2\/types\/page"}],"author":[{"embeddable":true,"href":"https:\/\/isfd2-bue.infd.edu.ar\/sitio\/wp-json\/wp\/v2\/users\/37"}],"replies":[{"embeddable":true,"href":"https:\/\/isfd2-bue.infd.edu.ar\/sitio\/wp-json\/wp\/v2\/comments?post=1762"}],"version-history":[{"count":49,"href":"https:\/\/isfd2-bue.infd.edu.ar\/sitio\/wp-json\/wp\/v2\/pages\/1762\/revisions"}],"predecessor-version":[{"id":2397,"href":"https:\/\/isfd2-bue.infd.edu.ar\/sitio\/wp-json\/wp\/v2\/pages\/1762\/revisions\/2397"}],"wp:attachment":[{"href":"https:\/\/isfd2-bue.infd.edu.ar\/sitio\/wp-json\/wp\/v2\/media?parent=1762"}],"curies":[{"name":"wp","href":"https:\/\/api.w.org\/{rel}","templated":true}]}}