{"id":1915,"date":"2022-11-14T15:25:55","date_gmt":"2022-11-14T18:25:55","guid":{"rendered":"https:\/\/isfd2-bue.infd.edu.ar\/sitio\/?page_id=1915"},"modified":"2022-11-14T15:34:44","modified_gmt":"2022-11-14T18:34:44","slug":"documentos-institucionales","status":"publish","type":"page","link":"https:\/\/isfd2-bue.infd.edu.ar\/sitio\/documentos-institucionales\/","title":{"rendered":"Documentos Institucionales"},"content":{"rendered":"<p><a href=\"https:\/\/isfd2-bue.infd.edu.ar\/sitio\/wp-content\/uploads\/2022\/11\/02-IS-96-Regimen-Academico-2022.pdf\">02 &#8211; IS 96 &#8211; R\u00e9gimen Acad\u00e9mico &#8211; 2022<\/a><\/p>\n<p><a href=\"https:\/\/isfd2-bue.infd.edu.ar\/sitio\/wp-content\/uploads\/2022\/11\/03-Plan-Institucional-de-Evaluacion-de-los-Aprendizajes-2022.pdf\">03 &#8211; Plan Institucional de Evaluaci\u00f3n de los Aprendizajes &#8211; 2022<\/a><\/p>\n<p><a href=\"https:\/\/isfd2-bue.infd.edu.ar\/sitio\/wp-content\/uploads\/2022\/11\/06-IS-96-Plan-de-Practicas-2022.pdf\">06 &#8211; IS 96 &#8211; Plan de Pr\u00e1cticas &#8211; 2022<\/a><\/p>\n<p><a href=\"https:\/\/isfd2-bue.infd.edu.ar\/sitio\/wp-content\/uploads\/2022\/11\/07-IS-96-AUTOEVALUACION-INSTITUCIONAL-2022.docx\">07 &#8211; IS 96 &#8211; AUTOEVALUACI\u00d3N INSTITUCIONAL &#8211; 2022<\/a><\/p>\n<p><a href=\"https:\/\/isfd2-bue.infd.edu.ar\/sitio\/wp-content\/uploads\/2022\/11\/IS-96-AIC-2022.pdf\">IS 96 &#8211; AIC &#8211; 2022<\/a><\/p>\n<p><a href=\"https:\/\/isfd2-bue.infd.edu.ar\/sitio\/wp-content\/uploads\/2022\/11\/PROYECTO-DE-EMBELLECIMIENTO-UA-NORMAL-2.pdf\">PROYECTO DE EMBELLECIMIENTO &#8211; UA NORMAL 2<\/a><\/p>\n","protected":false},"excerpt":{"rendered":"<p>02 &#8211; IS 96 &#8211; R\u00e9gimen Acad\u00e9mico &#8211; 2022 03 &#8211; Plan Institucional de Evaluaci\u00f3n de los Aprendizajes &#8211; 2022 06 &#8211; IS 96 &#8211; Plan de Pr\u00e1cticas &#8211; 2022 07 &#8211; IS 96 &#8211; AUTOEVALUACI\u00d3N INSTITUCIONAL &#8211; 2022 IS 96 &#8211; AIC &#8211; 2022 PROYECTO DE EMBELLECIMIENTO &#8211; UA NORMAL 2<\/p>\n","protected":false},"author":37,"featured_media":0,"parent":0,"menu_order":0,"comment_status":"closed","ping_status":"closed","template":"","meta":[],"acf":[],"_links":{"self":[{"href":"https:\/\/isfd2-bue.infd.edu.ar\/sitio\/wp-json\/wp\/v2\/pages\/1915"}],"collection":[{"href":"https:\/\/isfd2-bue.infd.edu.ar\/sitio\/wp-json\/wp\/v2\/pages"}],"about":[{"href":"https:\/\/isfd2-bue.infd.edu.ar\/sitio\/wp-json\/wp\/v2\/types\/page"}],"author":[{"embeddable":true,"href":"https:\/\/isfd2-bue.infd.edu.ar\/sitio\/wp-json\/wp\/v2\/users\/37"}],"replies":[{"embeddable":true,"href":"https:\/\/isfd2-bue.infd.edu.ar\/sitio\/wp-json\/wp\/v2\/comments?post=1915"}],"version-history":[{"count":2,"href":"https:\/\/isfd2-bue.infd.edu.ar\/sitio\/wp-json\/wp\/v2\/pages\/1915\/revisions"}],"predecessor-version":[{"id":1933,"href":"https:\/\/isfd2-bue.infd.edu.ar\/sitio\/wp-json\/wp\/v2\/pages\/1915\/revisions\/1933"}],"wp:attachment":[{"href":"https:\/\/isfd2-bue.infd.edu.ar\/sitio\/wp-json\/wp\/v2\/media?parent=1915"}],"curies":[{"name":"wp","href":"https:\/\/api.w.org\/{rel}","templated":true}]}}