{"id":2039,"date":"2023-03-16T06:03:05","date_gmt":"2023-03-16T09:03:05","guid":{"rendered":"https:\/\/isfd2-bue.infd.edu.ar\/sitio\/?page_id=2039"},"modified":"2025-12-14T14:26:02","modified_gmt":"2025-12-14T17:26:02","slug":"equivalencias","status":"publish","type":"page","link":"https:\/\/isfd2-bue.infd.edu.ar\/sitio\/equivalencias\/","title":{"rendered":"Equivalencias"},"content":{"rendered":"\n<p>De acuerdo al Nuevo R\u00e9gimen Acad\u00e9mico Marco (Res. 4196\/24) las equivalencias pueden ser aut\u00f3maticas o total\/parcial. <\/p>\n\n\n\n<p>El siguiente esquema explica el procedimiento de solicitud, documentaci\u00f3n a presentar y resoluci\u00f3n de la equivalencia. Todas las equivalencias se solicitan mediante <strong>nota firmada<\/strong>, en la secretar\u00eda del instituto, <strong>antes<\/strong> <strong>del 30 de abril <\/strong>de cada a\u00f1o. Los y las estudiantes que solicitan equivalencia <strong>deben cursar la unidad curricular <\/strong>hasta tanto se le confirme fehacientemente que se le otorg\u00f3 lo solicitado. Resuelta la equivalencia se registra en el Libro de Equivalencias del establecimiento.<\/p>\n\n\n\n<p>Los programas de las Carreras del Profesorado de Eduaci\u00f3n Inicial y Profesorado de Geograf\u00eda que se dictan en el ISFD96 se solicitan mediante mail: isfd96biblioteca@gmail.com<\/p>\n\n\n\n<figure class=\"wp-block-table is-style-stripes\"><table><tbody><tr><td><strong><\/strong><\/td><td class=\"has-text-align-left\" data-align=\"left\">          <strong>Equivalencia<\/strong><strong> Autom\u00e1tica <\/strong><\/td><td>                                <strong>Equivalencia Total\/parcial<\/strong><\/td><\/tr><tr><td>&nbsp;&nbsp; Otorgamiento<\/td><td class=\"has-text-align-left\" data-align=\"left\">Cuando se trate de unidades curriculares con la misma denominaci\u00f3n y contenidos en los planes de estudio de las carreras vigentes en la jurisdicci\u00f3n<\/td><td>Se ponderan los saberes acreditados en carreras del nivel superior reconocidas cuando se trate de unidades curriculares con diferente denominaci\u00f3n y contenidos<\/td><\/tr><tr><td>&nbsp;&nbsp;&nbsp;&nbsp;&nbsp;&nbsp;&nbsp; Documentaci\u00f3n<\/td><td class=\"has-text-align-left\" data-align=\"left\">Solicitar mediante nota. Certificado anal\u00edtico de estudios realizados.<\/td><td>Solicitar mediante nota. Copia de los programas que correspondan, en los que conste carga horaria, contenidos y bibliograf\u00eda, de las unidades curriculares en las que solicita equivalencia. La documentaci\u00f3n deber\u00e1 estar foliada, con firma y sello de las autoridades de la instituci\u00f3n emisora. Cumplir con los requerimientos acad\u00e9micos que se establezcan en el caso de una equivalencia parcial.<\/td><\/tr><tr><td>Plazos<\/td><td class=\"has-text-align-left\" data-align=\"left\"><strong>Dentro de los 72 hs h\u00e1biles <\/strong>de recibida la documentaci\u00f3n, el equipo directivo resolver\u00e1 la solicitud y notificar\u00e1 a la o el estudiante. Confeccionar el acta de aceptaci\u00f3n o denegaci\u00f3n de equivalencia autom\u00e1tica<\/td><td><strong>Dentro de los diez d\u00edas h\u00e1biles <\/strong>de recibida la documentaci\u00f3n, el equipo docente deber\u00e1 analizar la propuesta pedag\u00f3gica presentada por la o el estudiante y emitir criterio, debidamente fundamentado, respecto del otorgamiento de la acreditaci\u00f3n total o parcial o bien del rechazo de la solicitud. Confeccionar el acta de aceptaci\u00f3n o denegaci\u00f3n de equivalencia<\/td><\/tr><\/tbody><\/table><figcaption class=\"wp-element-caption\">Modelo de Nota<\/figcaption><\/figure>\n\n\n\n<div class=\"wp-block-file\"><object class=\"wp-block-file__embed\" data=\"https:\/\/isfd2-bue.infd.edu.ar\/sitio\/wp-content\/uploads\/2025\/12\/Equiv_F2-2.pdf\" type=\"application\/pdf\" style=\"width:100%;height:380px\" aria-label=\"Incrustado de Modelo de Nota.\"><\/object><a id=\"wp-block-file--media-0fec967c-cb03-4a2b-bbd7-425ccbaedc2b\" href=\"https:\/\/isfd2-bue.infd.edu.ar\/sitio\/wp-content\/uploads\/2025\/12\/Equiv_F2-2.pdf\">Modelo de Nota<\/a><a href=\"https:\/\/isfd2-bue.infd.edu.ar\/sitio\/wp-content\/uploads\/2025\/12\/Equiv_F2-2.pdf\" class=\"wp-block-file__button wp-element-button\" download aria-describedby=\"wp-block-file--media-0fec967c-cb03-4a2b-bbd7-425ccbaedc2b\">Descarga<\/a><\/div>\n","protected":false},"excerpt":{"rendered":"<p>De acuerdo al Nuevo R\u00e9gimen Acad\u00e9mico Marco (Res. 4196\/24) las equivalencias pueden ser aut\u00f3maticas o total\/parcial. El siguiente esquema explica el procedimiento de solicitud, documentaci\u00f3n a presentar y resoluci\u00f3n de la equivalencia. Todas las equivalencias se solicitan mediante nota firmada, en la secretar\u00eda del instituto, antes del 30 de abril de cada a\u00f1o. Los y &#8230; <a title=\"Equivalencias\" class=\"read-more\" href=\"https:\/\/isfd2-bue.infd.edu.ar\/sitio\/equivalencias\/\" aria-label=\"More on Equivalencias\">[+]<\/a><\/p>\n","protected":false},"author":37,"featured_media":0,"parent":0,"menu_order":0,"comment_status":"closed","ping_status":"closed","template":"","meta":[],"acf":[],"_links":{"self":[{"href":"https:\/\/isfd2-bue.infd.edu.ar\/sitio\/wp-json\/wp\/v2\/pages\/2039"}],"collection":[{"href":"https:\/\/isfd2-bue.infd.edu.ar\/sitio\/wp-json\/wp\/v2\/pages"}],"about":[{"href":"https:\/\/isfd2-bue.infd.edu.ar\/sitio\/wp-json\/wp\/v2\/types\/page"}],"author":[{"embeddable":true,"href":"https:\/\/isfd2-bue.infd.edu.ar\/sitio\/wp-json\/wp\/v2\/users\/37"}],"replies":[{"embeddable":true,"href":"https:\/\/isfd2-bue.infd.edu.ar\/sitio\/wp-json\/wp\/v2\/comments?post=2039"}],"version-history":[{"count":16,"href":"https:\/\/isfd2-bue.infd.edu.ar\/sitio\/wp-json\/wp\/v2\/pages\/2039\/revisions"}],"predecessor-version":[{"id":2355,"href":"https:\/\/isfd2-bue.infd.edu.ar\/sitio\/wp-json\/wp\/v2\/pages\/2039\/revisions\/2355"}],"wp:attachment":[{"href":"https:\/\/isfd2-bue.infd.edu.ar\/sitio\/wp-json\/wp\/v2\/media?parent=2039"}],"curies":[{"name":"wp","href":"https:\/\/api.w.org\/{rel}","templated":true}]}}