{"id":720,"date":"2018-08-29T14:52:22","date_gmt":"2018-08-29T17:52:22","guid":{"rendered":"https:\/\/isfd2-bue.infd.edu.ar\/sitio\/profesorado-en-2\/"},"modified":"2026-02-06T20:02:26","modified_gmt":"2026-02-06T23:02:26","slug":"profesorado-en-2","status":"publish","type":"page","link":"https:\/\/isfd2-bue.infd.edu.ar\/sitio\/profesorado-en-2\/","title":{"rendered":"Profesorado en Geograf\u00eda"},"content":{"rendered":"<p><img decoding=\"async\" loading=\"lazy\" class=\"alignnone wp-image-860 alignright\" src=\"https:\/\/isfd2-bue.infd.edu.ar\/sitio\/wp-content\/uploads\/2020\/02\/Campus-2.jpg\" alt=\"\" width=\"419\" height=\"314\" \/><\/p>\n<h3>T\u00edtulo: Profesor de Geograf\u00eda<\/h3>\n<h3>Duraci\u00f3n: 4 a\u00f1os<\/h3>\n<p><a href=\"https:\/\/isfd2-bue.infd.edu.ar\/sitio\/wp-content\/uploads\/2023\/03\/PROFESORADO-DE-GEOGRAFIA-plan-de-estudios-3608.pdf\"><img decoding=\"async\" loading=\"lazy\" class=\"alignnone wp-image-2019 \" src=\"https:\/\/isfd2-bue.infd.edu.ar\/sitio\/wp-content\/uploads\/2023\/03\/plan-de-estudio-nuevo.jpg\" alt=\"\" width=\"567\" height=\"83\" srcset=\"https:\/\/isfd2-bue.infd.edu.ar\/sitio\/wp-content\/uploads\/2023\/03\/plan-de-estudio-nuevo.jpg 826w, https:\/\/isfd2-bue.infd.edu.ar\/sitio\/wp-content\/uploads\/2023\/03\/plan-de-estudio-nuevo-768x113.jpg 768w\" sizes=\"(max-width: 567px) 100vw, 567px\" \/><\/a><a href=\"https:\/\/isfd2-bue.infd.edu.ar\/sitio\/wp-content\/uploads\/2023\/03\/PROFESORADO-DE-GEOGRAFIA-CORRELATIVIDADES-Res-3608.pdf\"><img decoding=\"async\" loading=\"lazy\" class=\"alignnone wp-image-2020 \" src=\"https:\/\/isfd2-bue.infd.edu.ar\/sitio\/wp-content\/uploads\/2023\/03\/CORRELATIVIDADES-NUEVO.jpg\" alt=\"\" width=\"575\" height=\"81\" srcset=\"https:\/\/isfd2-bue.infd.edu.ar\/sitio\/wp-content\/uploads\/2023\/03\/CORRELATIVIDADES-NUEVO.jpg 851w, https:\/\/isfd2-bue.infd.edu.ar\/sitio\/wp-content\/uploads\/2023\/03\/CORRELATIVIDADES-NUEVO-768x108.jpg 768w\" sizes=\"(max-width: 575px) 100vw, 575px\" \/><\/a>\u00a0<a href=\"https:\/\/isfd2-bue.infd.edu.ar\/sitio\/wp-content\/uploads\/2023\/03\/IF-2022-40272975-GDEBA-SSEDGCYE-Y-GEOGRAFIA_compressed.pdf\"><img decoding=\"async\" loading=\"lazy\" class=\"alignnone wp-image-2021 \" src=\"https:\/\/isfd2-bue.infd.edu.ar\/sitio\/wp-content\/uploads\/2023\/03\/DISENO-CURRICULAR-NUEVO-1.jpg\" alt=\"\" width=\"563\" height=\"77\" srcset=\"https:\/\/isfd2-bue.infd.edu.ar\/sitio\/wp-content\/uploads\/2023\/03\/DISENO-CURRICULAR-NUEVO-1.jpg 826w, https:\/\/isfd2-bue.infd.edu.ar\/sitio\/wp-content\/uploads\/2023\/03\/DISENO-CURRICULAR-NUEVO-1-768x105.jpg 768w\" sizes=\"(max-width: 563px) 100vw, 563px\" \/><\/a><\/p>\n<p><a href=\"https:\/\/drive.google.com\/file\/d\/1L9Y3a6YKCdizupBpjeVZ8yJPvjrJyLIp\/view?usp=sharing\"><img decoding=\"async\" loading=\"lazy\" class=\"wp-image-2017 alignleft\" src=\"https:\/\/isfd2-bue.infd.edu.ar\/sitio\/wp-content\/uploads\/2023\/03\/HORARIOS-1.jpg\" alt=\"\" width=\"582\" height=\"153\" \/><\/a><\/p>\n","protected":false},"excerpt":{"rendered":"<p>T\u00edtulo: Profesor de Geograf\u00eda Duraci\u00f3n: 4 a\u00f1os \u00a0<\/p>\n","protected":false},"author":22,"featured_media":0,"parent":0,"menu_order":0,"comment_status":"closed","ping_status":"closed","template":"","meta":[],"acf":[],"_links":{"self":[{"href":"https:\/\/isfd2-bue.infd.edu.ar\/sitio\/wp-json\/wp\/v2\/pages\/720"}],"collection":[{"href":"https:\/\/isfd2-bue.infd.edu.ar\/sitio\/wp-json\/wp\/v2\/pages"}],"about":[{"href":"https:\/\/isfd2-bue.infd.edu.ar\/sitio\/wp-json\/wp\/v2\/types\/page"}],"author":[{"embeddable":true,"href":"https:\/\/isfd2-bue.infd.edu.ar\/sitio\/wp-json\/wp\/v2\/users\/22"}],"replies":[{"embeddable":true,"href":"https:\/\/isfd2-bue.infd.edu.ar\/sitio\/wp-json\/wp\/v2\/comments?post=720"}],"version-history":[{"count":30,"href":"https:\/\/isfd2-bue.infd.edu.ar\/sitio\/wp-json\/wp\/v2\/pages\/720\/revisions"}],"predecessor-version":[{"id":2408,"href":"https:\/\/isfd2-bue.infd.edu.ar\/sitio\/wp-json\/wp\/v2\/pages\/720\/revisions\/2408"}],"wp:attachment":[{"href":"https:\/\/isfd2-bue.infd.edu.ar\/sitio\/wp-json\/wp\/v2\/media?parent=720"}],"curies":[{"name":"wp","href":"https:\/\/api.w.org\/{rel}","templated":true}]}}