{"id":752,"date":"2018-08-29T14:52:30","date_gmt":"2018-08-29T17:52:30","guid":{"rendered":"https:\/\/isfd2-bue.infd.edu.ar\/sitio\/docentes\/"},"modified":"2022-10-23T18:13:58","modified_gmt":"2022-10-23T21:13:58","slug":"docentes","status":"publish","type":"page","link":"https:\/\/isfd2-bue.infd.edu.ar\/sitio\/docentes\/","title":{"rendered":"Docentes"},"content":{"rendered":"<p style=\"text-align: center;\">\u00a0<\/p>\n<h5 style=\"text-align: left;\">AGENDA ACAD\u00c9MICA<\/h5>\n<h5 style=\"text-align: left;\">AYUDANT\u00cdA DE C\u00c1TEDRAS\u00a0 \u00a0<\/h5>\n<h5 style=\"text-align: left;\"><a href=\"https:\/\/isfd2-bue.infd.edu.ar\/sitio\/wp-content\/uploads\/2020\/03\/Bancarizaci\u00f3n-para-docentes-ingresantes-1.pdf\">BANCARIZACI\u00d3N &#8211; DOCENTES INGRESANTES<\/a><\/h5>\n<h5 style=\"text-align: left;\"><a href=\"https:\/\/isfd2-bue.infd.edu.ar\/sitio\/wp-content\/uploads\/2020\/03\/Gesti\u00f3n-de-Licencias-M\u00e9dicas.pdf\">GESTI\u00d3N DE LICENCIAS M\u00c9DICAS\u00a0<\/a> \u00a0 \u00a0<\/h5>\n<h5 style=\"text-align: left;\">REDACCI\u00d3N Y EVALUACI\u00d3N DE PROPUESTAS DE C\u00c1TEDRA<\/h5>\n<p style=\"text-align: center;\"><strong><span style=\"text-decoration: underline;\">Profesorado en Geograf\u00eda<\/span><\/strong><\/p>\n<table style=\"border-width: 0px; border-color: #000000;\" border=\"0\" align=\"center\">\n<tbody>\n<tr class=\"Texto_arial\" valign=\"top\">\n<td class=\"Borde_rojo\" style=\"text-align: center; border: #000000 1px solid;\" valign=\"top\">ASIGNATURA<\/td>\n<td class=\"Borde_rojo\" style=\"text-align: center; border: #000000 1px solid;\" valign=\"top\">DOCENTE<\/td>\n<\/tr>\n<tr>\n<td class=\"Borde_rojo\" style=\"text-align: center; background-color: #89b38d; border: #000000 1px solid;\" colspan=\"2\" valign=\"top\">Primer A\u00f1o<\/td>\n<\/tr>\n<tr>\n<td class=\"Borde_rojo\" style=\"border: #000000 1px solid;\" valign=\"top\">\u00a0Perspectiva Filos\u00f3fico-Pedag\u00f3gica I<\/td>\n<td class=\"Borde_rojo\" style=\"border: #000000 1px solid;\" valign=\"top\">Luis Butierrez<\/td>\n<\/tr>\n<tr>\n<td class=\"Borde_rojo\" style=\"border: #000000 1px solid;\" valign=\"top\">\u00a0Perspectiva Pedag\u00f3gico-Did\u00e1ctica I<\/td>\n<td class=\"Borde_rojo\" style=\"border: #000000 1px solid;\" valign=\"top\">\u00a0Florentina Lapadula<\/td>\n<\/tr>\n<tr align=\"center\" valign=\"middle\">\n<td class=\"Borde_rojo\" style=\"text-align: left; border: #000000 1px solid;\" valign=\"top\">\u00a0Perspectiva Socio-Pol\u00edtica<\/td>\n<td class=\"Borde_rojo\" style=\"text-align: left; border: #000000 1px solid;\" valign=\"top\">Rom\u00e1n Fornessi<\/td>\n<\/tr>\n<tr>\n<td class=\"Borde_rojo\" style=\"border: #000000 1px solid;\" valign=\"top\">\u00a0Psicolog\u00eda y Cultura en la educaci\u00f3n<\/td>\n<td class=\"Borde_rojo\" style=\"border: #000000 1px solid;\" valign=\"top\">\u00a0Vanesa Piatti<\/td>\n<\/tr>\n<tr>\n<td class=\"Borde_rojo\" style=\"border: #000000 1px solid;\" valign=\"top\">\u00a0Perspectiva Espacio-Temporal de Argentina y Am\u00e9rica<\/td>\n<td class=\"Borde_rojo\" style=\"border: #000000 1px solid;\" valign=\"top\">Claudia Serrano<\/td>\n<\/tr>\n<tr>\n<td class=\"Borde_rojo\" style=\"border: #000000 1px solid;\" valign=\"top\">\u00a0Perspectiva Espacio Temporal Mundial<\/td>\n<td class=\"Borde_rojo\" style=\"border: #000000 1px solid;\" valign=\"top\">\u00a0Silvia Spada<\/td>\n<\/tr>\n<tr>\n<td class=\"Borde_rojo\" style=\"border: #000000 1px solid;\" valign=\"top\">\u00a0Antropolog\u00eda<\/td>\n<td class=\"Borde_rojo\" style=\"border: #000000 1px solid;\" valign=\"top\">\u00a0Josefina Spina<\/td>\n<\/tr>\n<tr>\n<td class=\"Borde_rojo\" style=\"border: #000000 1px solid;\" valign=\"top\">\u00a0Integraci\u00f3n Areal I<\/td>\n<td class=\"Borde_rojo\" style=\"border: #000000 1px solid;\" valign=\"top\">\u00a0Solange Casta\u00f1eda<\/td>\n<\/tr>\n<tr>\n<td class=\"Borde_rojo\" style=\"border: #000000 1px solid;\" valign=\"top\">Espacio de la Pr\u00e1ctica Docente I<\/td>\n<td class=\"Borde_rojo\" style=\"border: #000000 1px solid;\" valign=\"top\">\u00a0Julieta Finn &#8211; Lorena Coppiarolo<\/td>\n<\/tr>\n<tr>\n<td class=\"Borde_rojo\" style=\"text-align: center; background-color: #89b38d; border: #000000 1px solid;\" colspan=\"2\" valign=\"top\">Segundo A\u00f1o<\/td>\n<\/tr>\n<tr>\n<td class=\"Borde_rojo\" style=\"border: #000000 1px solid;\" valign=\"top\">\u00a0Perspectiva Filos\u00f3fico-Pedag\u00f3gica II<\/td>\n<td class=\"Borde_rojo\" style=\"border: #000000 1px solid;\" valign=\"top\">\u00a0Judit Mentasti<\/td>\n<\/tr>\n<tr>\n<td class=\"Borde_rojo\" style=\"border: #000000 1px solid;\" valign=\"top\">\u00a0Perspectiva Pedag\u00f3gico-Did\u00e1ctica II<\/td>\n<td class=\"Borde_rojo\" style=\"border: #000000 1px solid;\" valign=\"top\">Florentina Lapadula<\/td>\n<\/tr>\n<tr>\n<td class=\"Borde_rojo\" style=\"border: #000000 1px solid;\" valign=\"top\">Psicolog\u00eda y Cultura del alumno de EGB 3 y polimodal<\/td>\n<td class=\"Borde_rojo\" style=\"border: #000000 1px solid;\" valign=\"top\">\u00a0Maia Lescano<\/td>\n<\/tr>\n<tr>\n<td class=\"Borde_rojo\" style=\"border: #000000 1px solid;\" valign=\"top\">Perspectiva Ambiental I<\/td>\n<td class=\"Borde_rojo\" style=\"border: #000000 1px solid;\" valign=\"top\">Mar\u00eda Julia Solari<\/td>\n<\/tr>\n<tr>\n<td class=\"Borde_rojo\" style=\"border: #000000 1px solid;\" valign=\"top\">Perspectiva Social<\/td>\n<td class=\"Borde_rojo\" style=\"border: #000000 1px solid;\" valign=\"top\">Daniela Nieto<\/td>\n<\/tr>\n<tr>\n<td class=\"Borde_rojo\" style=\"border: #000000 1px solid;\" valign=\"top\">Econom\u00eda<\/td>\n<td class=\"Borde_rojo\" style=\"border: #000000 1px solid;\" valign=\"top\">Isabel Luis<\/td>\n<\/tr>\n<tr>\n<td class=\"Borde_rojo\" style=\"border: #000000 1px solid;\" valign=\"top\">Sociolog\u00eda<\/td>\n<td class=\"Borde_rojo\" style=\"border: #000000 1px solid;\" valign=\"top\">Lorena Vilchez<\/td>\n<\/tr>\n<tr>\n<td class=\"Borde_rojo\" style=\"border: #000000 1px solid;\" valign=\"top\">Historia I<\/td>\n<td class=\"Borde_rojo\" style=\"border: #000000 1px solid;\" valign=\"top\">\u00a0Germ\u00e1n Huarte<\/td>\n<\/tr>\n<tr>\n<td class=\"Borde_rojo\" style=\"border: #000000 1px solid;\" valign=\"top\">Integraci\u00f3n Areal II<\/td>\n<td class=\"Borde_rojo\" style=\"border: #000000 1px solid;\" valign=\"top\">Yamile Puga<\/td>\n<\/tr>\n<tr>\n<td class=\"Borde_rojo\" style=\"border: #000000 1px solid;\" valign=\"top\">Espacio de la Pr\u00e1ctica Docente II<\/td>\n<td class=\"Borde_rojo\" style=\"border: #000000 1px solid;\" valign=\"top\">\u00a0Mirela Ben\u00edtez &#8211; Cian Telma<\/td>\n<\/tr>\n<tr>\n<td class=\"Borde_rojo\" style=\"text-align: center; background-color: #89b38d; border: #000000 1px solid;\" colspan=\"2\" valign=\"top\">Tercer A\u00f1o<\/td>\n<\/tr>\n<tr>\n<td class=\"Borde_rojo\" style=\"border: #000000 1px solid;\" valign=\"top\">Perspectiva Filos\u00f3fico-Pedag\u00f3gico-Did\u00e1ctica<\/td>\n<td class=\"Borde_rojo\" style=\"border: #000000 1px solid;\" valign=\"top\">\u00a0Guillermo Almada<\/td>\n<\/tr>\n<tr>\n<td class=\"Borde_rojo\" style=\"border: #000000 1px solid;\" valign=\"top\">Perspectiva Pol\u00edtico-Institucional<\/td>\n<td class=\"Borde_rojo\" style=\"border: #000000 1px solid;\" valign=\"top\">Rom\u00e1n Fornessi<\/td>\n<\/tr>\n<tr>\n<td class=\"Borde_rojo\" style=\"border: #000000 1px solid;\" valign=\"top\">Geograf\u00eda Urbana y Rural<\/td>\n<td class=\"Borde_rojo\" style=\"border: #000000 1px solid;\" valign=\"top\">Cecilia Zilio<\/td>\n<\/tr>\n<tr>\n<td class=\"Borde_rojo\" style=\"border: #000000 1px solid;\" valign=\"top\">Geograf\u00eda Pol\u00edtica<\/td>\n<td class=\"Borde_rojo\" style=\"border: #000000 1px solid;\" valign=\"top\">Hilario Patronelli<\/td>\n<\/tr>\n<tr>\n<td class=\"Borde_rojo\" style=\"border: #000000 1px solid;\" valign=\"top\">Organizaci\u00f3n Econ\u00f3mica del Espacio<\/td>\n<td class=\"Borde_rojo\" style=\"border: #000000 1px solid;\" valign=\"top\">Cecilia Zilio<\/td>\n<\/tr>\n<tr>\n<td class=\"Borde_rojo\" style=\"border: #000000 1px solid;\" valign=\"top\">Geograf\u00eda Ambiental II<\/td>\n<td class=\"Borde_rojo\" style=\"border: #000000 1px solid;\" valign=\"top\">en concurso<\/td>\n<\/tr>\n<tr>\n<td class=\"Borde_rojo\" style=\"border: #000000 1px solid;\" valign=\"top\">Investigaci\u00f3n Geogr\u00e1fica I<\/td>\n<td class=\"Borde_rojo\" style=\"border: #000000 1px solid;\" valign=\"top\">Mara Llanos<\/td>\n<\/tr>\n<tr>\n<td class=\"Borde_rojo\" style=\"border: #000000 1px solid;\" valign=\"top\">Historia II<\/td>\n<td class=\"Borde_rojo\" style=\"border: #000000 1px solid;\" valign=\"top\">Germ\u00e1n Huarte<\/td>\n<\/tr>\n<tr>\n<td class=\"Borde_rojo\" style=\"border: #000000 1px solid;\" valign=\"top\">Problem\u00e1tica Pol\u00edtica, Jur\u00eddica y Ciudadana<\/td>\n<td class=\"Borde_rojo\" style=\"border: #000000 1px solid;\" valign=\"top\">Fernando Marcantonio<\/td>\n<\/tr>\n<tr>\n<td class=\"Borde_rojo\" style=\"border: #000000 1px solid;\" valign=\"top\">Epistemolog\u00eda e Historia de las Cienicas Sociales<\/td>\n<td class=\"Borde_rojo\" style=\"border: #000000 1px solid;\" valign=\"top\">Carlos Garay<\/td>\n<\/tr>\n<tr>\n<td class=\"Borde_rojo\" style=\"border: #000000 1px solid;\" valign=\"top\">Espacio de la Pr\u00e1ctica Docente III<\/td>\n<td class=\"Borde_rojo\" style=\"border: #000000 1px solid;\" valign=\"top\">Claudia Serrano<\/td>\n<\/tr>\n<tr>\n<td class=\"Borde_rojo\" style=\"text-align: center; background-color: #89b38d; border: #000000 1px solid;\" colspan=\"2\" valign=\"top\">Cuarto A\u00f1o<\/td>\n<\/tr>\n<tr>\n<td class=\"Borde_rojo\" style=\"border: #000000 1px solid;\" valign=\"top\">Problemas Espaciales Mundiales<\/td>\n<td class=\"Borde_rojo\" style=\"border: #000000 1px solid;\" valign=\"top\">Hilario Patronelli<\/td>\n<\/tr>\n<tr>\n<td class=\"Borde_rojo\" style=\"border: #000000 1px solid;\" valign=\"top\">Problemas Espaciales Americanos<\/td>\n<td class=\"Borde_rojo\" style=\"border: #000000 1px solid;\" valign=\"top\">Cecilia Zilio<\/td>\n<\/tr>\n<tr>\n<td class=\"Borde_rojo\" style=\"border: #000000 1px solid;\" valign=\"top\">Organizaci\u00f3n del Espacio Argentino<\/td>\n<td class=\"Borde_rojo\" style=\"border: #000000 1px solid;\" valign=\"top\">Waldemar Spinelli<\/td>\n<\/tr>\n<tr>\n<td class=\"Borde_rojo\" style=\"border: #000000 1px solid;\" valign=\"top\">Investigaci\u00f3n Geogr\u00e1fica II<\/td>\n<td class=\"Borde_rojo\" style=\"border: #000000 1px solid;\" valign=\"top\">Daniela Nieto<\/td>\n<\/tr>\n<tr>\n<td class=\"Borde_rojo\" style=\"border: #000000 1px solid;\" valign=\"top\">Historia III<\/td>\n<td class=\"Borde_rojo\" style=\"border: #000000 1px solid;\" valign=\"top\">Germ\u00e1n Huarte<\/td>\n<\/tr>\n<tr>\n<td class=\"Borde_rojo\" style=\"border: #000000 1px solid;\" valign=\"top\">EDI<\/td>\n<td class=\"Borde_rojo\" style=\"border: #000000 1px solid;\" valign=\"top\">Cecilia Zilio<\/td>\n<\/tr>\n<tr>\n<td class=\"Borde_rojo\" style=\"border: #000000 1px solid;\" valign=\"top\">Espacio de la Pr\u00e1ctica IV<\/td>\n<td class=\"Borde_rojo\" style=\"border: #000000 1px solid;\" valign=\"top\">Mar\u00eda Cecilia Zappettini<\/td>\n<\/tr>\n<\/tbody>\n<\/table>\n<p style=\"text-align: center;\"><strong><span style=\"text-decoration: underline;\">\u00a0Profesorado en Educaci\u00f3n Inicial<\/span><\/strong><\/p>\n<table style=\"border-width: 0px; border-color: #000000;\" border=\"0\" align=\"center\">\n<tbody>\n<tr class=\"Texto_arial\" valign=\"top\">\n<td class=\"Borde_rojo\" style=\"text-align: center; border: #000000 1px solid;\" valign=\"top\">ASIGNATURA<\/td>\n<td class=\"Borde_rojo\" style=\"text-align: center; border: #000000 1px solid;\" valign=\"top\">DOCENTE<\/td>\n<\/tr>\n<tr>\n<td class=\"Borde_rojo\" style=\"text-align: center; background-color: #89b38d; border: #000000 1px solid;\" colspan=\"2\" valign=\"top\">Primer A\u00f1o<\/td>\n<\/tr>\n<tr>\n<td class=\"Borde_rojo\" style=\"border: #000000 1px solid;\" valign=\"top\">Taller de escritura, lectura y oralidad<\/td>\n<td class=\"Borde_rojo\" style=\"border: #000000 1px solid;\" valign=\"top\">Carolina Mathieu<\/td>\n<\/tr>\n<tr>\n<td class=\"Borde_rojo\" style=\"border: #000000 1px solid;\" valign=\"top\">\u00a0Taller de pensamiento l\u00f3gico matem\u00e1tico<\/td>\n<td class=\"Borde_rojo\" style=\"border: #000000 1px solid;\" valign=\"top\">Anal\u00ed Pinelli<\/td>\n<\/tr>\n<tr align=\"center\" valign=\"middle\">\n<td class=\"Borde_rojo\" style=\"text-align: left; border: #000000 1px solid;\" valign=\"top\">\u00a0Taller de definici\u00f3n institucional &#8211; ESI<\/td>\n<td class=\"Borde_rojo\" style=\"text-align: left; border: #000000 1px solid;\" valign=\"top\">Paulina Bidauri<\/td>\n<\/tr>\n<tr>\n<td class=\"Borde_rojo\" style=\"border: #000000 1px solid;\" valign=\"top\">\u00a0Filosof\u00eda<\/td>\n<td class=\"Borde_rojo\" style=\"border: #000000 1px solid;\" valign=\"top\">\u00a0Jos\u00e9 Kiefel<\/td>\n<\/tr>\n<tr>\n<td class=\"Borde_rojo\" style=\"border: #000000 1px solid;\" valign=\"top\">\u00a0Did\u00e1ctica General<\/td>\n<td class=\"Borde_rojo\" style=\"border: #000000 1px solid;\" valign=\"top\">\u00a0Lorena Amoia<\/td>\n<\/tr>\n<tr>\n<td class=\"Borde_rojo\" style=\"border: #000000 1px solid;\" valign=\"top\">\u00a0Pedagog\u00eda<\/td>\n<td class=\"Borde_rojo\" style=\"border: #000000 1px solid;\" valign=\"top\">Mar\u00eda Mercedes Foti<\/td>\n<\/tr>\n<tr>\n<td class=\"Borde_rojo\" style=\"border: #000000 1px solid;\" valign=\"top\">\u00a0An\u00e1lisis del mundo contempor\u00e1neo<\/td>\n<td class=\"Borde_rojo\" style=\"border: #000000 1px solid;\" valign=\"top\">N\u00e9stor Arr\u00faa<\/td>\n<\/tr>\n<tr>\n<td class=\"Borde_rojo\" style=\"border: #000000 1px solid;\" valign=\"top\">\u00a0Psicolog\u00eda del desarrollo y aprendizaje<\/td>\n<td class=\"Borde_rojo\" style=\"border: #000000 1px solid;\" valign=\"top\">\u00a0Victoria Fabbi<\/td>\n<\/tr>\n<tr>\n<td class=\"Borde_rojo\" style=\"border: #000000 1px solid;\" valign=\"top\">Educaci\u00f3n Temprana<\/td>\n<td class=\"Borde_rojo\" style=\"border: #000000 1px solid;\" valign=\"top\">en concurso<\/td>\n<\/tr>\n<tr>\n<td class=\"Borde_rojo\" style=\"border: #000000 1px solid;\" valign=\"top\">Corporeidad y Motricidad<\/td>\n<td class=\"Borde_rojo\" style=\"border: #000000 1px solid;\" valign=\"top\">Yanela Splittek<\/td>\n<\/tr>\n<tr>\n<td class=\"Borde_rojo\" style=\"border: #000000 1px solid;\" valign=\"top\">Campo de la Pr\u00e1ctica I<\/td>\n<td class=\"Borde_rojo\" style=\"border: #000000 1px solid;\" valign=\"top\">Elba Olaizola &#8211; Anal\u00eda Villar<\/td>\n<\/tr>\n<tr>\n<td class=\"Borde_rojo\" style=\"border: #000000 1px solid;\" valign=\"top\">\u00a0<\/td>\n<td class=\"Borde_rojo\" style=\"border: #000000 1px solid;\" valign=\"top\">\u00a0<\/td>\n<\/tr>\n<tr>\n<td class=\"Borde_rojo\" style=\"border: #000000 1px solid;\" valign=\"top\">\u00a0<\/td>\n<td class=\"Borde_rojo\" style=\"border: #000000 1px solid;\" valign=\"top\">\u00a0<\/td>\n<\/tr>\n<tr>\n<td class=\"Borde_rojo\" style=\"text-align: center; background-color: #89b38d; border: #000000 1px solid;\" colspan=\"2\" valign=\"top\">Segundo A\u00f1o<\/td>\n<\/tr>\n<tr>\n<td class=\"Borde_rojo\" style=\"border: #000000 1px solid;\" valign=\"top\">\u00a0Teor\u00edas sociopol\u00edticas y educaci\u00f3n<\/td>\n<td class=\"Borde_rojo\" style=\"border: #000000 1px solid;\" valign=\"top\">\u00a0Silvia Navarro<\/td>\n<\/tr>\n<tr>\n<td class=\"Borde_rojo\" style=\"border: #000000 1px solid;\" valign=\"top\">\u00a0Did\u00e1ctica y Curr\u00edculum del Nivel Inicial<\/td>\n<td class=\"Borde_rojo\" style=\"border: #000000 1px solid;\" valign=\"top\">\u00a0Roc\u00edo Mentasti<\/td>\n<\/tr>\n<tr>\n<td class=\"Borde_rojo\" style=\"border: #000000 1px solid;\" valign=\"top\">Psicolog\u00eda del desarrollo y aprendizaje II<\/td>\n<td class=\"Borde_rojo\" style=\"border: #000000 1px solid;\" valign=\"top\">Vanesa\u00a0Piatti<\/td>\n<\/tr>\n<tr>\n<td class=\"Borde_rojo\" style=\"border: #000000 1px solid;\" valign=\"top\">Psicolog\u00eda social e institucional<\/td>\n<td class=\"Borde_rojo\" style=\"border: #000000 1px solid;\" valign=\"top\">Patricia\u00a0Iribarren<\/td>\n<\/tr>\n<tr>\n<td class=\"Borde_rojo\" style=\"border: #000000 1px solid;\" valign=\"top\">Cultura, comunicaci\u00f3n y educaci\u00f3n<\/td>\n<td class=\"Borde_rojo\" style=\"border: #000000 1px solid;\" valign=\"top\">\u00a0Ana Mar\u00eda De La Torre<\/td>\n<\/tr>\n<tr>\n<td class=\"Borde_rojo\" style=\"border: #000000 1px solid;\" valign=\"top\">Educaci\u00f3n Pl\u00e1stica<\/td>\n<td class=\"Borde_rojo\" style=\"border: #000000 1px solid;\" valign=\"top\">\u00a0Cecilia Cappannini<\/td>\n<\/tr>\n<tr>\n<td class=\"Borde_rojo\" style=\"border: #000000 1px solid;\" valign=\"top\">Did\u00e1cticas de Pr\u00e1ct. del Lenguaje y la Literatura<\/td>\n<td class=\"Borde_rojo\" style=\"border: #000000 1px solid;\" valign=\"top\">\u00a0Mariana Echeverr\u00eda<\/td>\n<\/tr>\n<tr>\n<td class=\"Borde_rojo\" style=\"border: #000000 1px solid;\" valign=\"top\">Did\u00e1ctica de las Ciencias Sociales<\/td>\n<td class=\"Borde_rojo\" style=\"border: #000000 1px solid;\" valign=\"top\">\u00a0Mar\u00eda Cristina Garriga<\/td>\n<\/tr>\n<tr>\n<td class=\"Borde_rojo\" style=\"border: #000000 1px solid;\" valign=\"top\">Did\u00e1ctica de las Ciencias Naturales<\/td>\n<td class=\"Borde_rojo\" style=\"border: #000000 1px solid;\" valign=\"top\">Natalia Badino<\/td>\n<\/tr>\n<tr>\n<td class=\"Borde_rojo\" style=\"border: #000000 1px solid;\" valign=\"top\">Did\u00e1ctica de la Matem\u00e1tica<\/td>\n<td class=\"Borde_rojo\" style=\"border: #000000 1px solid;\" valign=\"top\">\u00a0Hayde\u00e9 Yacznik<\/td>\n<\/tr>\n<tr>\n<td class=\"Borde_rojo\" style=\"border: #000000 1px solid;\" valign=\"top\">Campo de la Pr\u00e1ctica II<\/td>\n<td class=\"Borde_rojo\" style=\"border: #000000 1px solid;\" valign=\"top\">Lorena Amoia &#8211; Silvia Camacho<\/td>\n<\/tr>\n<tr>\n<td class=\"Borde_rojo\" style=\"border: #000000 1px solid;\" valign=\"top\">Taller Integrador: Teatro<\/td>\n<td class=\"Borde_rojo\" style=\"border: #000000 1px solid;\" valign=\"top\">Mar\u00eda Elena Morete<\/td>\n<\/tr>\n<tr>\n<td class=\"Borde_rojo\" style=\"border: #000000 1px solid;\" valign=\"top\">\u00a0<\/td>\n<td class=\"Borde_rojo\" style=\"border: #000000 1px solid;\" valign=\"top\">\u00a0<\/td>\n<\/tr>\n<tr>\n<td class=\"Borde_rojo\" style=\"text-align: center; background-color: #89b38d; border: #000000 1px solid;\" colspan=\"2\" valign=\"top\">Tercer A\u00f1o<\/td>\n<\/tr>\n<tr>\n<td class=\"Borde_rojo\" style=\"border: #000000 1px solid;\" valign=\"top\">Historia y prospectiva de la educaci\u00f3n<\/td>\n<td class=\"Borde_rojo\" style=\"border: #000000 1px solid;\" valign=\"top\">Julieta Finn<\/td>\n<\/tr>\n<tr>\n<td class=\"Borde_rojo\" style=\"border: #000000 1px solid;\" valign=\"top\">Pol\u00edticas, legislaci\u00f3n y administraci\u00f3n del trabajo escolar<\/td>\n<td class=\"Borde_rojo\" style=\"border: #000000 1px solid;\" valign=\"top\">Julieta\u00a0Finn<\/td>\n<\/tr>\n<tr>\n<td class=\"Borde_rojo\" style=\"border: #000000 1px solid;\" valign=\"top\">Juego y desarrollo infantil<\/td>\n<td class=\"Borde_rojo\" style=\"border: #000000 1px solid;\" valign=\"top\">Anabel Marcatili<\/td>\n<\/tr>\n<tr>\n<td class=\"Borde_rojo\" style=\"border: #000000 1px solid;\" valign=\"top\">Medios audiovisuales, TIC&#8217;S y educaci\u00f3n<\/td>\n<td class=\"Borde_rojo\" style=\"border: #000000 1px solid;\" valign=\"top\">Ana Mar\u00eda De La Torre<\/td>\n<\/tr>\n<tr>\n<td class=\"Borde_rojo\" style=\"border: #000000 1px solid;\" valign=\"top\">Educaci\u00f3n Musical<\/td>\n<td class=\"Borde_rojo\" style=\"border: #000000 1px solid;\" valign=\"top\">en concurso<\/td>\n<\/tr>\n<tr>\n<td class=\"Borde_rojo\" style=\"border: #000000 1px solid;\" valign=\"top\">Educaci\u00f3n F\u00edsica escolar<\/td>\n<td class=\"Borde_rojo\" style=\"border: #000000 1px solid;\" valign=\"top\">Valeria Perezz\u00f3n<\/td>\n<\/tr>\n<tr>\n<td class=\"Borde_rojo\" style=\"border: #000000 1px solid;\" valign=\"top\">Taller de Literatura Infantil<\/td>\n<td class=\"Borde_rojo\" style=\"border: #000000 1px solid;\" valign=\"top\">\u00a0Carolina Mathieu<\/td>\n<\/tr>\n<tr>\n<td class=\"Borde_rojo\" style=\"border: #000000 1px solid;\" valign=\"top\">Taller de Ciencias Sociales<\/td>\n<td class=\"Borde_rojo\" style=\"border: #000000 1px solid;\" valign=\"top\">Marcelo Landi<\/td>\n<\/tr>\n<tr>\n<td class=\"Borde_rojo\" style=\"border: #000000 1px solid;\" valign=\"top\">Taller de Ciencias Naturales<\/td>\n<td class=\"Borde_rojo\" style=\"border: #000000 1px solid;\" valign=\"top\">Valeria Matsche<\/td>\n<\/tr>\n<tr>\n<td class=\"Borde_rojo\" style=\"border: #000000 1px solid;\" valign=\"top\">Taller de Matem\u00e1tica<\/td>\n<td class=\"Borde_rojo\" style=\"border: #000000 1px solid;\" valign=\"top\">Haidee Yacznik<\/td>\n<\/tr>\n<tr>\n<td class=\"Borde_rojo\" style=\"border: #000000 1px solid;\" valign=\"top\">Producci\u00f3n de materiales y objetos l\u00fadicos<\/td>\n<td class=\"Borde_rojo\" style=\"border: #000000 1px solid;\" valign=\"top\">Cecilia Cappannini<\/td>\n<\/tr>\n<tr>\n<td class=\"Borde_rojo\" style=\"border: #000000 1px solid;\" valign=\"top\">Campo de la Pr\u00e1ctica III<\/td>\n<td class=\"Borde_rojo\" style=\"border: #000000 1px solid;\" valign=\"top\">Julieta Finn &#8211; Hayde\u00e9 Yacznik<\/td>\n<\/tr>\n<tr>\n<td class=\"Borde_rojo\" style=\"border: #000000 1px solid;\" valign=\"top\">Taller integrador: Narraci\u00f3n Oral<\/td>\n<td class=\"Borde_rojo\" style=\"border: #000000 1px solid;\" valign=\"top\">Gast\u00f3n Figueiredo Cabanas<\/td>\n<\/tr>\n<tr>\n<td class=\"Borde_rojo\" style=\"border: #000000 1px solid;\" valign=\"top\">\u00a0<\/td>\n<td class=\"Borde_rojo\" style=\"border: #000000 1px solid;\" valign=\"top\">\u00a0<\/td>\n<\/tr>\n<tr>\n<td class=\"Borde_rojo\" style=\"text-align: center; background-color: #89b38d; border: #000000 1px solid;\" colspan=\"2\" valign=\"top\">Cuarto A\u00f1o<\/td>\n<\/tr>\n<tr>\n<td class=\"Borde_rojo\" style=\"border: #000000 1px solid;\" valign=\"top\">Reflexi\u00f3n filos\u00f3fica de la Educaci\u00f3n<\/td>\n<td class=\"Borde_rojo\" style=\"border: #000000 1px solid;\" valign=\"top\">Silvia Navarro<\/td>\n<\/tr>\n<tr>\n<td class=\"Borde_rojo\" style=\"border: #000000 1px solid;\" valign=\"top\">Dimensi\u00f3n \u00e9tico-pol\u00edtica de la praxis docente<\/td>\n<td class=\"Borde_rojo\" style=\"border: #000000 1px solid;\" valign=\"top\">Silvia Navarro<\/td>\n<\/tr>\n<tr>\n<td class=\"Borde_rojo\" style=\"border: #000000 1px solid;\" valign=\"top\">Educaci\u00f3n en y para la Salud<\/td>\n<td class=\"Borde_rojo\" style=\"border: #000000 1px solid;\" valign=\"top\">Guillermo Radi<\/td>\n<\/tr>\n<tr>\n<td class=\"Borde_rojo\" style=\"border: #000000 1px solid;\" valign=\"top\">Ateneo de pr\u00e1cticas del Lenguaje y la Literatura<\/td>\n<td class=\"Borde_rojo\" style=\"border: #000000 1px solid;\" valign=\"top\">\u00a0Carolina Mathieu<\/td>\n<\/tr>\n<tr>\n<td class=\"Borde_rojo\" style=\"border: #000000 1px solid;\" valign=\"top\">Ateneo de Matem\u00e1tica<\/td>\n<td class=\"Borde_rojo\" style=\"border: #000000 1px solid;\" valign=\"top\">\u00a0Haydee Yacznik<\/td>\n<\/tr>\n<tr>\n<td class=\"Borde_rojo\" style=\"border: #000000 1px solid;\" valign=\"top\">Ateneo Naturaleza y Sociedad<\/td>\n<td class=\"Borde_rojo\" style=\"border: #000000 1px solid;\" valign=\"top\">Marcelo Landi<\/td>\n<\/tr>\n<tr>\n<td class=\"Borde_rojo\" style=\"border: #000000 1px solid;\" valign=\"top\">Ateneo de nuevas expresiones est\u00e9ticas<\/td>\n<td class=\"Borde_rojo\" style=\"border: #000000 1px solid;\" valign=\"top\">Cecilia Cappannini<\/td>\n<\/tr>\n<tr>\n<td class=\"Borde_rojo\" style=\"border: #000000 1px solid;\" valign=\"top\">Campo de la Pr\u00e1ctica IV<\/td>\n<td class=\"Borde_rojo\" style=\"border: #000000 1px solid;\" valign=\"top\">en concurso<\/td>\n<\/tr>\n<tr>\n<td class=\"Borde_rojo\" style=\"border: #000000 1px solid;\" valign=\"top\">\u00a0<\/td>\n<td class=\"Borde_rojo\" style=\"border: #000000 1px solid;\" valign=\"top\">\u00a0<\/td>\n<\/tr>\n<\/tbody>\n<\/table>\n\n\n<p><\/p>\n","protected":false},"excerpt":{"rendered":"<p>\u00a0 AGENDA ACAD\u00c9MICA AYUDANT\u00cdA DE C\u00c1TEDRAS\u00a0 \u00a0 BANCARIZACI\u00d3N &#8211; DOCENTES INGRESANTES GESTI\u00d3N DE LICENCIAS M\u00c9DICAS\u00a0 \u00a0 \u00a0 REDACCI\u00d3N Y EVALUACI\u00d3N DE PROPUESTAS DE C\u00c1TEDRA Profesorado en Geograf\u00eda ASIGNATURA DOCENTE Primer A\u00f1o \u00a0Perspectiva Filos\u00f3fico-Pedag\u00f3gica I Luis Butierrez \u00a0Perspectiva Pedag\u00f3gico-Did\u00e1ctica I \u00a0Florentina Lapadula \u00a0Perspectiva Socio-Pol\u00edtica Rom\u00e1n Fornessi \u00a0Psicolog\u00eda y Cultura en la educaci\u00f3n \u00a0Vanesa Piatti \u00a0Perspectiva Espacio-Temporal &#8230; <a title=\"Docentes\" class=\"read-more\" href=\"https:\/\/isfd2-bue.infd.edu.ar\/sitio\/docentes\/\" aria-label=\"More on Docentes\">[+]<\/a><\/p>\n","protected":false},"author":22,"featured_media":0,"parent":0,"menu_order":0,"comment_status":"closed","ping_status":"closed","template":"","meta":[],"acf":[],"_links":{"self":[{"href":"https:\/\/isfd2-bue.infd.edu.ar\/sitio\/wp-json\/wp\/v2\/pages\/752"}],"collection":[{"href":"https:\/\/isfd2-bue.infd.edu.ar\/sitio\/wp-json\/wp\/v2\/pages"}],"about":[{"href":"https:\/\/isfd2-bue.infd.edu.ar\/sitio\/wp-json\/wp\/v2\/types\/page"}],"author":[{"embeddable":true,"href":"https:\/\/isfd2-bue.infd.edu.ar\/sitio\/wp-json\/wp\/v2\/users\/22"}],"replies":[{"embeddable":true,"href":"https:\/\/isfd2-bue.infd.edu.ar\/sitio\/wp-json\/wp\/v2\/comments?post=752"}],"version-history":[{"count":10,"href":"https:\/\/isfd2-bue.infd.edu.ar\/sitio\/wp-json\/wp\/v2\/pages\/752\/revisions"}],"predecessor-version":[{"id":1746,"href":"https:\/\/isfd2-bue.infd.edu.ar\/sitio\/wp-json\/wp\/v2\/pages\/752\/revisions\/1746"}],"wp:attachment":[{"href":"https:\/\/isfd2-bue.infd.edu.ar\/sitio\/wp-json\/wp\/v2\/media?parent=752"}],"curies":[{"name":"wp","href":"https:\/\/api.w.org\/{rel}","templated":true}]}}