{"id":775,"date":"2018-08-29T14:52:37","date_gmt":"2018-08-29T17:52:37","guid":{"rendered":"https:\/\/isfd2-bue.infd.edu.ar\/sitio\/pagina-2\/"},"modified":"2025-11-01T08:19:54","modified_gmt":"2025-11-01T11:19:54","slug":"pagina-2","status":"publish","type":"page","link":"https:\/\/isfd2-bue.infd.edu.ar\/sitio\/pagina-2\/","title":{"rendered":"Biblioteca"},"content":{"rendered":"<p>La Unidad Acad\u00e9mica cuenta con una Biblioteca central, a la cual acuden estudiantes de todos los niveles: primaria, secundaria y superior.<\/p>\n<p>El \u00fanico requisito para usar la sala de lectura y consultar los documentos bibliogr\u00e1ficos que posee en su colecci\u00f3n, es ser estudiante de la instituci\u00f3n. Sin embargo, para poder retirar documentos en pr\u00e9stamos domiciliarios debes ser socio de la Biblioteca. Para ello te invitamos a acercarse a la misma y consultar con la bibliotecaria de turno los pasos a seguir.<\/p>\n<p><img decoding=\"async\" loading=\"lazy\" class=\"wp-image-906 aligncenter\" src=\"https:\/\/isfd2-bue.infd.edu.ar\/sitio\/wp-content\/uploads\/2020\/03\/15380280_1811888115692763_3208258766923174716_n.jpg\" alt=\"\" width=\"714\" height=\"401\" srcset=\"https:\/\/isfd2-bue.infd.edu.ar\/sitio\/wp-content\/uploads\/2020\/03\/15380280_1811888115692763_3208258766923174716_n.jpg 960w, https:\/\/isfd2-bue.infd.edu.ar\/sitio\/wp-content\/uploads\/2020\/03\/15380280_1811888115692763_3208258766923174716_n-768x431.jpg 768w\" sizes=\"(max-width: 714px) 100vw, 714px\" \/><\/p>\n<p><strong>\u00a0<\/strong><\/p>\n<p><strong>\u00a0<\/strong><\/p>\n<p><strong>\u00a0<\/strong><\/p>\n<p><strong>\u00a0<\/strong><\/p>\n<p><strong>\u00a0<\/strong><\/p>\n<p><strong>\u00a0<\/strong><\/p>\n<p><strong>\u00a0<\/strong><\/p>\n","protected":false},"excerpt":{"rendered":"<p>La Unidad Acad\u00e9mica cuenta con una Biblioteca central, a la cual acuden estudiantes de todos los niveles: primaria, secundaria y superior. El \u00fanico requisito para usar la sala de lectura y consultar los documentos bibliogr\u00e1ficos que posee en su colecci\u00f3n, es ser estudiante de la instituci\u00f3n. Sin embargo, para poder retirar documentos en pr\u00e9stamos domiciliarios &#8230; <a title=\"Biblioteca\" class=\"read-more\" href=\"https:\/\/isfd2-bue.infd.edu.ar\/sitio\/pagina-2\/\" aria-label=\"More on Biblioteca\">[+]<\/a><\/p>\n","protected":false},"author":22,"featured_media":0,"parent":0,"menu_order":0,"comment_status":"closed","ping_status":"closed","template":"","meta":[],"acf":[],"_links":{"self":[{"href":"https:\/\/isfd2-bue.infd.edu.ar\/sitio\/wp-json\/wp\/v2\/pages\/775"}],"collection":[{"href":"https:\/\/isfd2-bue.infd.edu.ar\/sitio\/wp-json\/wp\/v2\/pages"}],"about":[{"href":"https:\/\/isfd2-bue.infd.edu.ar\/sitio\/wp-json\/wp\/v2\/types\/page"}],"author":[{"embeddable":true,"href":"https:\/\/isfd2-bue.infd.edu.ar\/sitio\/wp-json\/wp\/v2\/users\/22"}],"replies":[{"embeddable":true,"href":"https:\/\/isfd2-bue.infd.edu.ar\/sitio\/wp-json\/wp\/v2\/comments?post=775"}],"version-history":[{"count":4,"href":"https:\/\/isfd2-bue.infd.edu.ar\/sitio\/wp-json\/wp\/v2\/pages\/775\/revisions"}],"predecessor-version":[{"id":2313,"href":"https:\/\/isfd2-bue.infd.edu.ar\/sitio\/wp-json\/wp\/v2\/pages\/775\/revisions\/2313"}],"wp:attachment":[{"href":"https:\/\/isfd2-bue.infd.edu.ar\/sitio\/wp-json\/wp\/v2\/media?parent=775"}],"curies":[{"name":"wp","href":"https:\/\/api.w.org\/{rel}","templated":true}]}}