{"id":927,"date":"2020-03-11T07:54:54","date_gmt":"2020-03-11T10:54:54","guid":{"rendered":"https:\/\/isfd2-bue.infd.edu.ar\/sitio\/?page_id=927"},"modified":"2023-04-25T20:44:37","modified_gmt":"2023-04-25T23:44:37","slug":"cai-2","status":"publish","type":"page","link":"https:\/\/isfd2-bue.infd.edu.ar\/sitio\/cai-2\/","title":{"rendered":"Consejo Acad\u00e9mico Institucional (CAI)"},"content":{"rendered":"<p>El CAI es un \u00f3rgano colegiado de asesoramiento, propuesta, debate y decisi\u00f3n, cuya labor es fundamental para una gesti\u00f3n participativa en un marco de autonom\u00eda institucional dentro del sistema de nivel superior.<\/p>\n<p>Sus miembros son elegidos por el voto directo entre los diferentes claustros que representa. Esto significa que es un colectivo formado por una representaci\u00f3n proporcional de docentes, alumnos, personal administrativo y auxiliar junto al Director de la Instituci\u00f3n. Ser\u00e1 condici\u00f3n para ser elegido representante del Claustro de Estudiantes tener como m\u00ednimo, el 80% de las asignaturas cursadas y aprobadas de primer a\u00f1o.<\/p>\n<p>El CAI cumple, entre otras, funciones de asesoramiento al equipo directivo, participa en la conformaci\u00f3n de comisiones evaluadoras para la cobertura de c\u00e1tedras, toma decisiones en cuanto a la oferta de carreras, analiza en caso de ser necesario cuestiones disciplinarias y acad\u00e9micas de los estudiantes. Su funcionamiento est\u00e1 regulado por la Res 4044\/09.<\/p>\n<p>El CAI se re\u00fane sistem\u00e1ticamente haciendo difusi\u00f3n de sus reuniones. Es muy valioso que puedas participar, dado que son reuniones p\u00fablicas, salvo situaciones puntuales. Tambi\u00e9n es importante que ubiques a tu representante de la carrera de modo que la comunicaci\u00f3n sea f\u00e1cil que el mandato del representante sea leg\u00edtimo.<\/p>\n<p>Actualmente, el CAI est\u00e1 formado por los siguientes representantes de cada claustro:<\/p>\n<p><img decoding=\"async\" loading=\"lazy\" class=\"alignnone size-full wp-image-1655 aligncenter\" src=\"https:\/\/isfd2-bue.infd.edu.ar\/sitio\/wp-content\/uploads\/2022\/08\/CAI-2022.jpg\" alt=\"\" width=\"746\" height=\"557\" \/><\/p>\n<p><a href=\"https:\/\/isfd2-bue.infd.edu.ar\/sitio\/wp-content\/uploads\/2023\/04\/CAI-Acta-14-04-23.pdf\">CAI &#8211; Acta 14 &#8211; 04 &#8211; 23<\/a><\/p>\n<p><a href=\"https:\/\/isfd2-bue.infd.edu.ar\/sitio\/wp-content\/uploads\/2022\/12\/CAI-Acta-13-12-2022.pdf\">CAI &#8211; Acta 13 &#8211; 12 &#8211; 2022<\/a><\/p>\n<p><a href=\"https:\/\/isfd2-bue.infd.edu.ar\/sitio\/wp-content\/uploads\/2022\/10\/CAI-Acta-13-10-22.pdf\">CAI &#8211; Acta 13 &#8211; 10 &#8211; 22<\/a><\/p>\n<p><a href=\"https:\/\/isfd2-bue.infd.edu.ar\/sitio\/wp-content\/uploads\/2022\/09\/CAI-Acta-23-08-22.pdf\">CAI &#8211; Acta 23 &#8211; 08 &#8211; 22<\/a><\/p>\n<p><a href=\"https:\/\/isfd2-bue.infd.edu.ar\/sitio\/wp-content\/uploads\/2022\/05\/CAI-Acta-08-04-22.pdf\">CAI &#8211; Acta 08 &#8211; 04 &#8211; 22<\/a><\/p>\n<p><a href=\"https:\/\/isfd2-bue.infd.edu.ar\/sitio\/wp-content\/uploads\/2022\/03\/CAI-Acta-29-11-21.pdf\">CAI &#8211; Acta 29 &#8211; 11 &#8211; 21<\/a><\/p>\n<p><a href=\"https:\/\/isfd2-bue.infd.edu.ar\/sitio\/wp-content\/uploads\/2022\/03\/CAI-Acta-21-10-21.pdf\">CAI &#8211; Acta 21 &#8211; 10 &#8211; 21<\/a><\/p>\n<p><a href=\"https:\/\/isfd2-bue.infd.edu.ar\/sitio\/wp-content\/uploads\/2021\/08\/CAI-Acta-05-08-21.pdf\">CAI &#8211; Acta 05 &#8211; 08 -21<\/a><\/p>\n<p><a href=\"https:\/\/isfd2-bue.infd.edu.ar\/sitio\/wp-content\/uploads\/2021\/04\/CAI-Acta-25-03-21-aprobada.pdf\">CAI &#8211; Acta 25-03-21 &#8211; aprobada<\/a><\/p>\n<p><a href=\"https:\/\/isfd2-bue.infd.edu.ar\/sitio\/wp-content\/uploads\/2021\/04\/CAI-Acta-28-10-20-aprobada.pdf\">CAI &#8211; Acta &#8211; 28-10-20 (aprobada)<\/a><\/p>\n<p><a href=\"https:\/\/isfd2-bue.infd.edu.ar\/sitio\/wp-content\/uploads\/2021\/03\/CAI-Acta-09-09-2020.pdf\">CAI &#8211; Acta 09-09-2020<\/a><\/p>\n<p><a href=\"https:\/\/isfd2-bue.infd.edu.ar\/sitio\/wp-content\/uploads\/2021\/03\/CAI-Acta-8_7-modificada.pdf\">CAI &#8211; Acta 8_7 modificada<\/a><\/p>\n<p><a href=\"https:\/\/isfd2-bue.infd.edu.ar\/sitio\/wp-content\/uploads\/2020\/09\/CAI-Acta-22-05-2020.pdf\">CAI &#8211; Acta 22-05-2020<\/a><\/p>\n<p><a href=\"https:\/\/isfd2-bue.infd.edu.ar\/sitio\/wp-content\/uploads\/2020\/09\/CAI-Acta-08-05-20.pdf\">CAI &#8211; Acta &#8211; 08-05-20<\/a><\/p>\n<p>\u00a0<\/p>\n\n\n<p><\/p>\n","protected":false},"excerpt":{"rendered":"<p>El CAI es un \u00f3rgano colegiado de asesoramiento, propuesta, debate y decisi\u00f3n, cuya labor es fundamental para una gesti\u00f3n participativa en un marco de autonom\u00eda institucional dentro del sistema de nivel superior. Sus miembros son elegidos por el voto directo entre los diferentes claustros que representa. Esto significa que es un colectivo formado por una &#8230; <a title=\"Consejo Acad\u00e9mico Institucional (CAI)\" class=\"read-more\" href=\"https:\/\/isfd2-bue.infd.edu.ar\/sitio\/cai-2\/\" aria-label=\"More on Consejo Acad\u00e9mico Institucional (CAI)\">[+]<\/a><\/p>\n","protected":false},"author":37,"featured_media":0,"parent":0,"menu_order":0,"comment_status":"closed","ping_status":"closed","template":"","meta":[],"acf":[],"_links":{"self":[{"href":"https:\/\/isfd2-bue.infd.edu.ar\/sitio\/wp-json\/wp\/v2\/pages\/927"}],"collection":[{"href":"https:\/\/isfd2-bue.infd.edu.ar\/sitio\/wp-json\/wp\/v2\/pages"}],"about":[{"href":"https:\/\/isfd2-bue.infd.edu.ar\/sitio\/wp-json\/wp\/v2\/types\/page"}],"author":[{"embeddable":true,"href":"https:\/\/isfd2-bue.infd.edu.ar\/sitio\/wp-json\/wp\/v2\/users\/37"}],"replies":[{"embeddable":true,"href":"https:\/\/isfd2-bue.infd.edu.ar\/sitio\/wp-json\/wp\/v2\/comments?post=927"}],"version-history":[{"count":18,"href":"https:\/\/isfd2-bue.infd.edu.ar\/sitio\/wp-json\/wp\/v2\/pages\/927\/revisions"}],"predecessor-version":[{"id":2144,"href":"https:\/\/isfd2-bue.infd.edu.ar\/sitio\/wp-json\/wp\/v2\/pages\/927\/revisions\/2144"}],"wp:attachment":[{"href":"https:\/\/isfd2-bue.infd.edu.ar\/sitio\/wp-json\/wp\/v2\/media?parent=927"}],"curies":[{"name":"wp","href":"https:\/\/api.w.org\/{rel}","templated":true}]}}